
{"id":18,"date":"2014-01-21T18:41:42","date_gmt":"2014-01-21T17:41:42","guid":{"rendered":"http:\/\/www.motolyser.com\/wp\/?page_id=18"},"modified":"2018-07-06T16:08:46","modified_gmt":"2018-07-06T14:08:46","slug":"distributors","status":"publish","type":"page","link":"https:\/\/www.motolyser.com\/?page_id=18","title":{"rendered":"Distributors"},"content":{"rendered":"<p>You are able to purchase the Motolyser from the following resellers<\/p>\n<h2><strong>Europe<\/strong><\/h2>\n<p><strong>Sweden<\/strong><br \/>\nTotl Racing Products<br \/>\nEnhagsv\u00e4gen 9<br \/>\n72591 V\u00e4ster\u00e5s<br \/>\nSWEDEN<br \/>\n<a title=\"www.laje.se\" href=\"http:\/\/www.laje.se\/shop\" target=\"_blank\" rel=\"noopener\">www.laje.se<\/a><\/p>\n<p><strong>Switzerland<\/strong><br \/>\nTeam ORION<br \/>\n31 Chemin du Pr\u00e9-Fleuri<br \/>\nCH-1228 Plan-les-Ouates<br \/>\nSwitzerland<br \/>\n<a title=\"www.teamorion.com\" href=\"http:\/\/www.teamorion.com\" target=\"_blank\" rel=\"noopener\">www.teamorion.com<\/a><\/p>\n<p><strong>United Kingdom<\/strong><br \/>\nZen-Racing<br \/>\nUnit 1, European House, Hackhurst Lane<br \/>\nHailsham<br \/>\nEast Sussex<br \/>\nBN27 4BW<br \/>\n<a href=\"http:\/\/www.zen-racing.co.uk\">www.zen-racing.co.uk<\/a><\/p>\n<p><strong>Monaco<\/strong><br \/>\nMonaco Racing Cars Modeling S.A.R.L.<br \/>\nMonte Carlo Sun &#8211; 74 Boulevard d&#8217;Italie<br \/>\n98000 Monaco<br \/>\nTel:\u00a0+377 99 99 45 53<br \/>\n<a href=\"http:\/\/www.monacorc.com\">www.monacorc.com<\/a><br \/>\n______________________________________________________<\/p>\n<h2><strong>North America<\/strong><\/h2>\n<p><strong>United States<\/strong><br \/>\nTeam Trinity<br \/>\nTRINCORP, LLC<br \/>\nP.O. Box 520747<br \/>\nLongwood FLORIDA 32752-0747<br \/>\nUnited States<br \/>\n<a title=\"www.teamtrinity.com\" href=\"http:\/\/www.teamtrinity.com\" target=\"_blank\" rel=\"noopener\">www.teamtrinity.com<\/a><\/p>\n<p><strong>Canada<\/strong><br \/>\nTeam Trinity<br \/>\nTRINCORP, LLC<br \/>\nP.O. Box 520747<br \/>\nLongwood FLORIDA 32752-0747<br \/>\nUnited States<br \/>\n<a title=\"www.teamtrinity.com\" href=\"http:\/\/www.teamtrinity.com\" target=\"_blank\" rel=\"noopener\">www.teamtrinity.com<\/a><br \/>\n______________________________________________________<\/p>\n<h2><strong>Japan<\/strong><\/h2>\n<p>Kimihiko-Yano.net<br \/>\nAddress : Mizonokuchi-Heights 2F , Hisamoto 3-3-7 , Takatsu-ku,<br \/>\nKawasaki-Shi , Kanagawa , Japan<br \/>\nPostal code : 213-0011<br \/>\nTel : 81-44-844-5388<br \/>\nE-mail : sales@kimihiko-yano.jp<br \/>\n<a title=\"www.kimihiko-yano.jp\" href=\"http:\/\/www.kimihiko-yano.jp\" target=\"_blank\" rel=\"noopener\">www.kimihiko-yano.jp<\/a><br \/>\n______________________________________________________<\/p>\n<p>Please feel free to <a title=\"Contact Us\" href=\"http:\/\/www.motolyser.com\/wp\/?page_id=84\">contact us<\/a> if you are interrested in becomming a distributor.<\/p>\n","protected":false},"excerpt":{"rendered":"<p>You are able to purchase the Motolyser from the following resellers Europe Sweden Totl Racing Products Enhagsv\u00e4gen 9 72591 V\u00e4ster\u00e5s SWEDEN www.laje.se Switzerland Team ORION 31 Chemin du Pr\u00e9-Fleuri CH-1228 Plan-les-Ouates Switzerland www.teamorion.com United Kingdom Zen-Racing Unit 1, European House, Hackhurst Lane Hailsham East Sussex BN27 4BW www.zen-racing.co.uk Monaco Monaco Racing Cars Modeling S.A.R.L. Monte [&hellip;]<\/p>\n","protected":false},"author":1,"featured_media":0,"parent":0,"menu_order":0,"comment_status":"closed","ping_status":"open","template":"","meta":{"_monsterinsights_skip_tracking":false,"_monsterinsights_sitenote_active":false,"_monsterinsights_sitenote_note":"","_monsterinsights_sitenote_category":0,"footnotes":""},"class_list":["post-18","page","type-page","status-publish","hentry","post"],"_links":{"self":[{"href":"https:\/\/www.motolyser.com\/index.php?rest_route=\/wp\/v2\/pages\/18","targetHints":{"allow":["GET"]}}],"collection":[{"href":"https:\/\/www.motolyser.com\/index.php?rest_route=\/wp\/v2\/pages"}],"about":[{"href":"https:\/\/www.motolyser.com\/index.php?rest_route=\/wp\/v2\/types\/page"}],"author":[{"embeddable":true,"href":"https:\/\/www.motolyser.com\/index.php?rest_route=\/wp\/v2\/users\/1"}],"replies":[{"embeddable":true,"href":"https:\/\/www.motolyser.com\/index.php?rest_route=%2Fwp%2Fv2%2Fcomments&post=18"}],"version-history":[{"count":14,"href":"https:\/\/www.motolyser.com\/index.php?rest_route=\/wp\/v2\/pages\/18\/revisions"}],"predecessor-version":[{"id":412,"href":"https:\/\/www.motolyser.com\/index.php?rest_route=\/wp\/v2\/pages\/18\/revisions\/412"}],"wp:attachment":[{"href":"https:\/\/www.motolyser.com\/index.php?rest_route=%2Fwp%2Fv2%2Fmedia&parent=18"}],"curies":[{"name":"wp","href":"https:\/\/api.w.org\/{rel}","templated":true}]}}